{"id":5227,"date":"2024-02-06T16:34:14","date_gmt":"2024-02-06T21:34:14","guid":{"rendered":"https:\/\/grafity-eu.com\/web2\/?post_type=product&#038;p=5227"},"modified":"2024-02-06T16:35:10","modified_gmt":"2024-02-06T21:35:10","slug":"gf1124-cheap-chic-petals-moschino","status":"publish","type":"product","link":"https:\/\/grafity-eu.com\/web2\/producto\/gf1124-cheap-chic-petals-moschino\/","title":{"rendered":"GF1124 CHEAP &#038; CHIC PETALS MOSCHINO"},"content":{"rendered":"<p>Marca: Moschino<\/p>\n<p>Modelo: Cheap &amp; Chic Petals<\/p>\n<p>Referencias:\u00a0GF1124<\/p>\n<p>G\u00e9nero: Mujer<\/p>\n<p>Contenido: 100ml<\/p>\n<p>Ocasi\u00f3n: D\u00eda y Noche<\/p>\n<p>Aroma: Floral-Frutal<\/p>\n<p>Condici\u00f3n del producto: Nuevo<\/p>\n<p>Notas de Coraz\u00f2n: Nen\u00fafar (Lirio de Agua), Orqu\u00eddea, Gardenia<\/p>\n<p>Notas de Salida: Granada, Fresa Salvaje, Jengibre<\/p>\n<p>Notas de Fondo: Almizcle, Madera de Cipr\u00e9s, Hinoki, Iris Italiano<\/p>\n<p>No testeado en Animales<\/p>\n<p>&nbsp;<\/p>\n<p>CHEAP &amp; CHIC PETALS MOSCHINO, Una fragancia femenina inspirada en el amor entre Popeye y oliva, la combinaci\u00f3n de sus notas frutales y dulce seductor exaltan la feminidad y la belleza de cada mujer. Logrando cautivar el olfato de los amantes a los aromas originales y divertidos<\/p>\n","protected":false},"excerpt":{"rendered":"<p>calidad\u00a0<em><strong>AAA 1.1<\/strong><\/em><\/p>\n<p>CHEAP &amp; CHIC PETALS MOSCHINO, Una fragancia femenina inspirada en el amor entre Popeye y oliva, la combinaci\u00f3n de sus notas frutales y dulce seductor exaltan la feminidad y la belleza de cada mujer.<\/p>\n","protected":false},"featured_media":5228,"template":"","meta":[],"product_cat":[41],"product_tag":[],"_links":{"self":[{"href":"https:\/\/grafity-eu.com\/web2\/wp-json\/wp\/v2\/product\/5227"}],"collection":[{"href":"https:\/\/grafity-eu.com\/web2\/wp-json\/wp\/v2\/product"}],"about":[{"href":"https:\/\/grafity-eu.com\/web2\/wp-json\/wp\/v2\/types\/product"}],"wp:featuredmedia":[{"embeddable":true,"href":"https:\/\/grafity-eu.com\/web2\/wp-json\/wp\/v2\/media\/5228"}],"wp:attachment":[{"href":"https:\/\/grafity-eu.com\/web2\/wp-json\/wp\/v2\/media?parent=5227"}],"wp:term":[{"taxonomy":"product_cat","embeddable":true,"href":"https:\/\/grafity-eu.com\/web2\/wp-json\/wp\/v2\/product_cat?post=5227"},{"taxonomy":"product_tag","embeddable":true,"href":"https:\/\/grafity-eu.com\/web2\/wp-json\/wp\/v2\/product_tag?post=5227"}],"curies":[{"name":"wp","href":"https:\/\/api.w.org\/{rel}","templated":true}]}}