{"id":5196,"date":"2024-02-06T15:48:45","date_gmt":"2024-02-06T20:48:45","guid":{"rendered":"https:\/\/grafity-eu.com\/web2\/?post_type=product&#038;p=5196"},"modified":"2024-02-06T15:49:04","modified_gmt":"2024-02-06T20:49:04","slug":"gf1121-ange-ou-demon-givenchy","status":"publish","type":"product","link":"https:\/\/grafity-eu.com\/web2\/producto\/gf1121-ange-ou-demon-givenchy\/","title":{"rendered":"GF1121 ANGE OU DEMON GIVENCHY"},"content":{"rendered":"<p style=\"font-weight: 400;\">Marca: Givenchy<\/p>\n<p style=\"font-weight: 400;\">Modelo: Ange Ou Demon<\/p>\n<p style=\"font-weight: 400;\">Referencias:\u00a0GF1121<\/p>\n<p style=\"font-weight: 400;\">G\u00e9nero: Mujer<\/p>\n<p style=\"font-weight: 400;\">Contenido: 100ml<\/p>\n<p style=\"font-weight: 400;\">Ocasi\u00f3n: D\u00eda y Noche<\/p>\n<p style=\"font-weight: 400;\">Aroma: \u00c1mbar Floral<\/p>\n<p style=\"font-weight: 400;\">Condici\u00f3n del producto: Nuevo<\/p>\n<p style=\"font-weight: 400;\">Notas de Coraz\u00f2n: Azucena, Ylang Ylang, Orqu\u00eddea<\/p>\n<p style=\"font-weight: 400;\">Notas de Salida: Azafr\u00e1n, Tomillo, Mandarina<\/p>\n<p style=\"font-weight: 400;\">\u00a0Notas de Fondo: Vainilla, Haba Tonka, Palo de Rosa de Brasil, Musgo de Roble<\/p>\n<p style=\"font-weight: 400;\">No testeado en Animales<\/p>\n<p>&nbsp;<\/p>\n<p style=\"font-weight: 400;\">ANGE OU DEMON GIVENCHY, se trata de una fragancia que personifica a una mujer con doble cara; por un lado tan fr\u00e1gil e inocente como un \u00e1ngel y por el otro como un embriagante y cautivador diablo. Su aroma te har\u00e1 sentir infinitamente atractiva capaz de robar toda la atenci\u00f3n de quienes te rodean, con un contraste entre inocencia y perversidad<\/p>\n","protected":false},"excerpt":{"rendered":"<p>calidad\u00a0<em><strong>AAA 1.1<\/strong><\/em><\/p>\n<p>ANGE OU DEMON GIVENCHY, se trata de una fragancia que personifica a una mujer con doble cara; por un lado tan fr\u00e1gil e inocente como un \u00e1ngel y por el otro como un embriagante y cautivador diablo. Su aroma te har\u00e1 sentir infinitamente atractiva capaz de robar toda la atenci\u00f3n de quienes te rodean, con un contraste entre inocencia y perversidad<\/p>\n","protected":false},"featured_media":5198,"template":"","meta":[],"product_cat":[41],"product_tag":[],"_links":{"self":[{"href":"https:\/\/grafity-eu.com\/web2\/wp-json\/wp\/v2\/product\/5196"}],"collection":[{"href":"https:\/\/grafity-eu.com\/web2\/wp-json\/wp\/v2\/product"}],"about":[{"href":"https:\/\/grafity-eu.com\/web2\/wp-json\/wp\/v2\/types\/product"}],"wp:featuredmedia":[{"embeddable":true,"href":"https:\/\/grafity-eu.com\/web2\/wp-json\/wp\/v2\/media\/5198"}],"wp:attachment":[{"href":"https:\/\/grafity-eu.com\/web2\/wp-json\/wp\/v2\/media?parent=5196"}],"wp:term":[{"taxonomy":"product_cat","embeddable":true,"href":"https:\/\/grafity-eu.com\/web2\/wp-json\/wp\/v2\/product_cat?post=5196"},{"taxonomy":"product_tag","embeddable":true,"href":"https:\/\/grafity-eu.com\/web2\/wp-json\/wp\/v2\/product_tag?post=5196"}],"curies":[{"name":"wp","href":"https:\/\/api.w.org\/{rel}","templated":true}]}}