{"id":5184,"date":"2024-02-05T18:44:09","date_gmt":"2024-02-05T23:44:09","guid":{"rendered":"https:\/\/grafity-eu.com\/web2\/?post_type=product&#038;p=5184"},"modified":"2024-02-05T18:44:46","modified_gmt":"2024-02-05T23:44:46","slug":"gf1120-starry-night-montale","status":"publish","type":"product","link":"https:\/\/grafity-eu.com\/web2\/producto\/gf1120-starry-night-montale\/","title":{"rendered":"GF1120 STARRY NIGHT MONTALE"},"content":{"rendered":"<p style=\"font-weight: 400;\">Marca: Montale<\/p>\n<p style=\"font-weight: 400;\">Modelo: Starry Night<\/p>\n<p style=\"font-weight: 400;\">Referencias:\u00a0GF1120<\/p>\n<p style=\"font-weight: 400;\">G\u00e8nero: Hombre y Mujer<\/p>\n<p style=\"font-weight: 400;\">Contenido: 100ml<\/p>\n<p style=\"font-weight: 400;\">Ocasi\u00f3n: D\u00eca y Noche<\/p>\n<p style=\"font-weight: 400;\">Aroma: \u00c1mbar Floral<\/p>\n<p style=\"font-weight: 400;\">Condici\u00f3n del producto: Nuevo<\/p>\n<p style=\"font-weight: 400;\">Notas de Coraz\u00f2n: Rosa, Pachuli, Jazmin<\/p>\n<p style=\"font-weight: 400;\">Notas de Salida: Manzana, Bergamota, Lim\u00f3n (Lima \u00c1cida)<\/p>\n<p style=\"font-weight: 400;\">\u00a0Notas de Fondo: Almizcle Blanco, Notas Atalcadas, Ambar<\/p>\n<p style=\"font-weight: 400;\">No testeado en Animales<\/p>\n<p>&nbsp;<\/p>\n<p style=\"font-weight: 400;\">STARRY NIGHT MONTALE, es una fragancia para hombres y mujeres que resalta a la perfecci\u00f3n la personalidad de quien la lleva, sus notas florales e intensas \u00a0acent\u00faan el dulce del \u00e1mbar que te har\u00e1n brillar como una estrella en el cielo con su exquisita aroma.<\/p>\n","protected":false},"excerpt":{"rendered":"<p>calidad\u00a0<em><strong>AAA 1.1<\/strong><\/em><\/p>\n<p>STARRY NIGHT MONTALE, es una fragancia para hombres y mujeres que resalta a la perfecci\u00f3n la personalidad de quien la lleva, sus notas florales e intensas \u00a0acent\u00faan el dulce del \u00e1mbar que te har\u00e1n brillar como una estrella en el cielo con su exquisita aroma.<\/p>\n","protected":false},"featured_media":5185,"template":"","meta":[],"product_cat":[41],"product_tag":[],"_links":{"self":[{"href":"https:\/\/grafity-eu.com\/web2\/wp-json\/wp\/v2\/product\/5184"}],"collection":[{"href":"https:\/\/grafity-eu.com\/web2\/wp-json\/wp\/v2\/product"}],"about":[{"href":"https:\/\/grafity-eu.com\/web2\/wp-json\/wp\/v2\/types\/product"}],"wp:featuredmedia":[{"embeddable":true,"href":"https:\/\/grafity-eu.com\/web2\/wp-json\/wp\/v2\/media\/5185"}],"wp:attachment":[{"href":"https:\/\/grafity-eu.com\/web2\/wp-json\/wp\/v2\/media?parent=5184"}],"wp:term":[{"taxonomy":"product_cat","embeddable":true,"href":"https:\/\/grafity-eu.com\/web2\/wp-json\/wp\/v2\/product_cat?post=5184"},{"taxonomy":"product_tag","embeddable":true,"href":"https:\/\/grafity-eu.com\/web2\/wp-json\/wp\/v2\/product_tag?post=5184"}],"curies":[{"name":"wp","href":"https:\/\/api.w.org\/{rel}","templated":true}]}}