{"id":5175,"date":"2024-02-05T18:29:30","date_gmt":"2024-02-05T23:29:30","guid":{"rendered":"https:\/\/grafity-eu.com\/web2\/?post_type=product&#038;p=5175"},"modified":"2024-02-05T18:31:04","modified_gmt":"2024-02-05T23:31:04","slug":"gf1119-ralph-ralph-lauren","status":"publish","type":"product","link":"https:\/\/grafity-eu.com\/web2\/producto\/gf1119-ralph-ralph-lauren\/","title":{"rendered":"GF1119 RALPH RALPH LAUREN"},"content":{"rendered":"<p style=\"font-weight: 400;\">Marca: Ralp Lauren<\/p>\n<p style=\"font-weight: 400;\">Modelo: Ralph<\/p>\n<p style=\"font-weight: 400;\">Referencias:\u00a0GF1119<\/p>\n<p style=\"font-weight: 400;\">G\u00e9nero: Mujer<\/p>\n<p style=\"font-weight: 400;\">Contenido: 100ml<\/p>\n<p style=\"font-weight: 400;\">Ocasi\u00f3n: D\u00eda<\/p>\n<p style=\"font-weight: 400;\">Aroma: Floral-Frutal<\/p>\n<p style=\"font-weight: 400;\">Condici\u00f3n del producto: Nuevo<\/p>\n<p style=\"font-weight: 400;\">Notas de Coraz\u00f2n: Magnolia, Fresia<\/p>\n<p style=\"font-weight: 400;\">Notas de Salida: Mandarina Italiana, Hojas de Manzano<\/p>\n<p style=\"font-weight: 400;\">\u00a0Notas de Fondo: Coraz\u00f3n de Cedro, Az\u00facar Rubia<\/p>\n<p style=\"font-weight: 400;\">No testeado en Animales<\/p>\n<p>&nbsp;<\/p>\n<p style=\"font-weight: 400;\">RALPH RALPH LAUREN, un perfume juvenil \u00a0ideal para aquellas mujeres optimistas que buscan lucir un aroma fresco y limpio, su exquisita fragancia refleja libertad y alegr\u00eda, abriendo una invitaci\u00f3n a la b\u00fasqueda del \u00e9xito y la confianza en un futuro lleno de oportunidades sin perder tu esencia.<\/p>\n<p style=\"font-weight: 400;\">\n","protected":false},"excerpt":{"rendered":"<p style=\"font-weight: 400;\">calidad\u00a0<em><strong>AAA 1.1<\/strong><\/em><\/p>\n<p style=\"font-weight: 400;\">RALPH RALPH LAUREN, un perfume juvenil \u00a0ideal para aquellas mujeres optimistas que buscan lucir un aroma fresco y limpio, su exquisita fragancia refleja libertad y alegr\u00eda, abriendo una invitaci\u00f3n a la b\u00fasqueda del \u00e9xito y la confianza en un futuro lleno de oportunidades sin perder tu esencia.<\/p>\n<p style=\"font-weight: 400;\">\n","protected":false},"featured_media":5176,"template":"","meta":[],"product_cat":[41],"product_tag":[],"_links":{"self":[{"href":"https:\/\/grafity-eu.com\/web2\/wp-json\/wp\/v2\/product\/5175"}],"collection":[{"href":"https:\/\/grafity-eu.com\/web2\/wp-json\/wp\/v2\/product"}],"about":[{"href":"https:\/\/grafity-eu.com\/web2\/wp-json\/wp\/v2\/types\/product"}],"wp:featuredmedia":[{"embeddable":true,"href":"https:\/\/grafity-eu.com\/web2\/wp-json\/wp\/v2\/media\/5176"}],"wp:attachment":[{"href":"https:\/\/grafity-eu.com\/web2\/wp-json\/wp\/v2\/media?parent=5175"}],"wp:term":[{"taxonomy":"product_cat","embeddable":true,"href":"https:\/\/grafity-eu.com\/web2\/wp-json\/wp\/v2\/product_cat?post=5175"},{"taxonomy":"product_tag","embeddable":true,"href":"https:\/\/grafity-eu.com\/web2\/wp-json\/wp\/v2\/product_tag?post=5175"}],"curies":[{"name":"wp","href":"https:\/\/api.w.org\/{rel}","templated":true}]}}