{"id":5162,"date":"2024-02-05T18:23:31","date_gmt":"2024-02-05T23:23:31","guid":{"rendered":"https:\/\/grafity-eu.com\/web2\/?post_type=product&#038;p=5162"},"modified":"2024-02-05T18:24:06","modified_gmt":"2024-02-05T23:24:06","slug":"gf1118-tommy-girl-tommy-hilfiger","status":"publish","type":"product","link":"https:\/\/grafity-eu.com\/web2\/producto\/gf1118-tommy-girl-tommy-hilfiger\/","title":{"rendered":"GF1118 TOMMY GIRL TOMMY HILFIGER"},"content":{"rendered":"<p style=\"font-weight: 400;\">Marca: Tommy Hilfiger<\/p>\n<p style=\"font-weight: 400;\">Modelo: Tommy Girl<\/p>\n<p style=\"font-weight: 400;\">Referencias:\u00a0GF1118<\/p>\n<p style=\"font-weight: 400;\">G\u00e9nero: Mujer<\/p>\n<p style=\"font-weight: 400;\">Contenido: 100ml<\/p>\n<p style=\"font-weight: 400;\">Ocasi\u00f3n: D\u00eda<\/p>\n<p style=\"font-weight: 400;\">Aroma: Floral<\/p>\n<p style=\"font-weight: 400;\">Condici\u00f3n del producto: Nuevo<\/p>\n<p style=\"font-weight: 400;\">Notas de Coraz\u00f2n: Mandarina<\/p>\n<p style=\"font-weight: 400;\">Notas de Salida: Brezo Salvaje<\/p>\n<p style=\"font-weight: 400;\">\u00a0Notas de Fondo: Madreselva<\/p>\n<p style=\"font-weight: 400;\">No testeado en Animales<\/p>\n<p>&nbsp;<\/p>\n<p style=\"font-weight: 400;\">TOMMY GIRL TOMMY HILFIGER, un perfume delicado y suave con un aroma intenso que en la medida del tiempo se va tornando un poco m\u00e1s c\u00edtrico con notas florales, brindando una sensaci\u00f3n de limpieza y energ\u00eda que encaja perfectamente con una tarde amigos.<\/p>\n","protected":false},"excerpt":{"rendered":"<p>calidad\u00a0<em><strong>AAA 1.1<\/strong><\/em><\/p>\n<p>TOMMY GIRL TOMMY HILFIGER, un perfume delicado y suave con un aroma intenso que en la medida del tiempo se va tornando un poco m\u00e1s c\u00edtrico con notas florales, brindando una sensaci\u00f3n de limpieza y energ\u00eda que encaja perfectamente con una tarde amigos.<\/p>\n","protected":false},"featured_media":5163,"template":"","meta":[],"product_cat":[41],"product_tag":[],"_links":{"self":[{"href":"https:\/\/grafity-eu.com\/web2\/wp-json\/wp\/v2\/product\/5162"}],"collection":[{"href":"https:\/\/grafity-eu.com\/web2\/wp-json\/wp\/v2\/product"}],"about":[{"href":"https:\/\/grafity-eu.com\/web2\/wp-json\/wp\/v2\/types\/product"}],"wp:featuredmedia":[{"embeddable":true,"href":"https:\/\/grafity-eu.com\/web2\/wp-json\/wp\/v2\/media\/5163"}],"wp:attachment":[{"href":"https:\/\/grafity-eu.com\/web2\/wp-json\/wp\/v2\/media?parent=5162"}],"wp:term":[{"taxonomy":"product_cat","embeddable":true,"href":"https:\/\/grafity-eu.com\/web2\/wp-json\/wp\/v2\/product_cat?post=5162"},{"taxonomy":"product_tag","embeddable":true,"href":"https:\/\/grafity-eu.com\/web2\/wp-json\/wp\/v2\/product_tag?post=5162"}],"curies":[{"name":"wp","href":"https:\/\/api.w.org\/{rel}","templated":true}]}}