{"id":5140,"date":"2024-02-05T18:11:10","date_gmt":"2024-02-05T23:11:10","guid":{"rendered":"https:\/\/grafity-eu.com\/web2\/?post_type=product&#038;p=5140"},"modified":"2024-02-05T18:12:16","modified_gmt":"2024-02-05T23:12:16","slug":"gf1116-meow-katy-perry","status":"publish","type":"product","link":"https:\/\/grafity-eu.com\/web2\/producto\/gf1116-meow-katy-perry\/","title":{"rendered":"GF1116 MEOW KATY PERRY"},"content":{"rendered":"<p style=\"font-weight: 400;\">Marca: Katy Perry<\/p>\n<p style=\"font-weight: 400;\">Modelo: Mewo<\/p>\n<p style=\"font-weight: 400;\">Referencias:\u00a0GF1116<\/p>\n<p style=\"font-weight: 400;\">G\u00e9nero: Mujer<\/p>\n<p style=\"font-weight: 400;\">Contenido: 100ml<\/p>\n<p style=\"font-weight: 400;\">Ocasi\u00f3n: D\u00eda y Noche<\/p>\n<p style=\"font-weight: 400;\">Aroma: Floral-Frutal<\/p>\n<p style=\"font-weight: 400;\">Condici\u00f3n del producto: Nuevo<\/p>\n<p style=\"font-weight: 400;\">Notas de Coraz\u00f2n: Madreselva, Lirio de los Valles, Azahar<\/p>\n<p style=\"font-weight: 400;\">Notas de Salida: Mandarina, Pera, Jazm\u00edn, Gardenia<\/p>\n<p style=\"font-weight: 400;\">\u00a0Notas de Fondo: \u00c1mbar, Vainilla, S\u00e1ndalo, Almizcle<\/p>\n<p style=\"font-weight: 400;\">No testeado en Animales<\/p>\n<p>&nbsp;<\/p>\n<p style=\"font-weight: 400;\">MEOW KATY PERRY, su aroma dulce suave y delicioso, resaltan el esp\u00edritu juvenil y carism\u00e1tico de una mujer alegre y divertida. Sus notas florales-avainillados te har\u00e1n lucir un aroma hipnotizante que tocara las cuerdas de tu coraz\u00f3n, con un toque muy femenino y elegante<\/p>\n","protected":false},"excerpt":{"rendered":"<p>calidad\u00a0<em><strong>AAA 1.1<\/strong><\/em><\/p>\n<p>MEOW KATY PERRY, su aroma dulce suave y delicioso, resaltan el esp\u00edritu juvenil y carism\u00e1tico de una mujer alegre y divertida. Sus notas florales-avainillados te har\u00e1n lucir un aroma hipnotizante que tocara las cuerdas de tu coraz\u00f3n, con un toque muy femenino y elegante.<\/p>\n","protected":false},"featured_media":5141,"template":"","meta":[],"product_cat":[41],"product_tag":[],"_links":{"self":[{"href":"https:\/\/grafity-eu.com\/web2\/wp-json\/wp\/v2\/product\/5140"}],"collection":[{"href":"https:\/\/grafity-eu.com\/web2\/wp-json\/wp\/v2\/product"}],"about":[{"href":"https:\/\/grafity-eu.com\/web2\/wp-json\/wp\/v2\/types\/product"}],"wp:featuredmedia":[{"embeddable":true,"href":"https:\/\/grafity-eu.com\/web2\/wp-json\/wp\/v2\/media\/5141"}],"wp:attachment":[{"href":"https:\/\/grafity-eu.com\/web2\/wp-json\/wp\/v2\/media?parent=5140"}],"wp:term":[{"taxonomy":"product_cat","embeddable":true,"href":"https:\/\/grafity-eu.com\/web2\/wp-json\/wp\/v2\/product_cat?post=5140"},{"taxonomy":"product_tag","embeddable":true,"href":"https:\/\/grafity-eu.com\/web2\/wp-json\/wp\/v2\/product_tag?post=5140"}],"curies":[{"name":"wp","href":"https:\/\/api.w.org\/{rel}","templated":true}]}}