{"id":5085,"date":"2024-02-05T17:35:05","date_gmt":"2024-02-05T22:35:05","guid":{"rendered":"https:\/\/grafity-eu.com\/web2\/?post_type=product&#038;p=5085"},"modified":"2024-02-05T17:36:42","modified_gmt":"2024-02-05T22:36:42","slug":"gf1112-eau-de-lacoste-l-12-12-pour-elle-sparkling-lacoste","status":"publish","type":"product","link":"https:\/\/grafity-eu.com\/web2\/producto\/gf1112-eau-de-lacoste-l-12-12-pour-elle-sparkling-lacoste\/","title":{"rendered":"GF1112 EAU DE LACOSTE L.12.12 POUR ELLE SPARKLING LACOSTE"},"content":{"rendered":"<p style=\"font-weight: 400;\">Marca: Lacoste<\/p>\n<p style=\"font-weight: 400;\">Modelo: Eau de Lacoste L.12.12 Pour Elle Sparkling<\/p>\n<p style=\"font-weight: 400;\">Referencias:\u00a0GF1112<\/p>\n<p style=\"font-weight: 400;\">G\u00e9nero: Mujer<\/p>\n<p style=\"font-weight: 400;\">Contenido: 90ml<\/p>\n<p style=\"font-weight: 400;\">Ocasi\u00f3n: D\u00eda y Noche<\/p>\n<p style=\"font-weight: 400;\">Aroma: Floral-Frutal<\/p>\n<p style=\"font-weight: 400;\">Condici\u00f3n del producto: Nuevo<\/p>\n<p style=\"font-weight: 400;\">Notas de Coraz\u00f2n: Algod\u00f3n de Az\u00facar, Macarrones Dulces, Lirio de los Valles (Muguete)<\/p>\n<p style=\"font-weight: 400;\">Notas de Salida: Especias, Manzana Roja, Zarzamora (Frambuesa Negra), Mandarina<\/p>\n<p style=\"font-weight: 400;\">\u00a0Notas de Fondo: Almizcle, Vetiver, Pachuli, Madera de Cachemira<\/p>\n<p style=\"font-weight: 400;\">No testeado en Animales<\/p>\n<p>&nbsp;<\/p>\n<p style=\"font-weight: 400;\">EAU DE LACOSTE L.12.12 POUR ELLE SPARKLING LACOSTE, su fragancia encantadora y femenina personifica la esencia de la felicidad, ideal para mujeres que buscan un aroma que las haga sentir frescas y con una estela duradera.<\/p>\n","protected":false},"excerpt":{"rendered":"<p>calidad\u00a0<em><strong>AAA 1.1<\/strong><\/em><\/p>\n<p>EAU DE LACOSTE L.12.12 POUR ELLE SPARKLING LACOSTE, su fragancia encantadora y femenina personifica la esencia de la felicidad, ideal para mujeres que buscan un aroma que las haga sentir frescas y con una estela duradera.<\/p>\n","protected":false},"featured_media":5086,"template":"","meta":[],"product_cat":[41],"product_tag":[],"_links":{"self":[{"href":"https:\/\/grafity-eu.com\/web2\/wp-json\/wp\/v2\/product\/5085"}],"collection":[{"href":"https:\/\/grafity-eu.com\/web2\/wp-json\/wp\/v2\/product"}],"about":[{"href":"https:\/\/grafity-eu.com\/web2\/wp-json\/wp\/v2\/types\/product"}],"wp:featuredmedia":[{"embeddable":true,"href":"https:\/\/grafity-eu.com\/web2\/wp-json\/wp\/v2\/media\/5086"}],"wp:attachment":[{"href":"https:\/\/grafity-eu.com\/web2\/wp-json\/wp\/v2\/media?parent=5085"}],"wp:term":[{"taxonomy":"product_cat","embeddable":true,"href":"https:\/\/grafity-eu.com\/web2\/wp-json\/wp\/v2\/product_cat?post=5085"},{"taxonomy":"product_tag","embeddable":true,"href":"https:\/\/grafity-eu.com\/web2\/wp-json\/wp\/v2\/product_tag?post=5085"}],"curies":[{"name":"wp","href":"https:\/\/api.w.org\/{rel}","templated":true}]}}