{"id":5065,"date":"2024-02-05T17:16:23","date_gmt":"2024-02-05T22:16:23","guid":{"rendered":"https:\/\/grafity-eu.com\/web2\/?post_type=product&#038;p=5065"},"modified":"2024-02-05T17:17:28","modified_gmt":"2024-02-05T22:17:28","slug":"gf1110-arsenal-gold-guilles-cantuel","status":"publish","type":"product","link":"https:\/\/grafity-eu.com\/web2\/producto\/gf1110-arsenal-gold-guilles-cantuel\/","title":{"rendered":"GF1110 ARSENAL GOLD GUILLES CANTUEL"},"content":{"rendered":"<p style=\"font-weight: 400;\">Marca: \u00a0Arsenal<\/p>\n<p style=\"font-weight: 400;\">Modelo: Arsenal Gold Guilles Cantuel<\/p>\n<p style=\"font-weight: 400;\">Referencias: GF1110<\/p>\n<p style=\"font-weight: 400;\">G\u00e9nero: Hombre<\/p>\n<p style=\"font-weight: 400;\">Contenido: 100ml<\/p>\n<p style=\"font-weight: 400;\">Ocasi\u00f3n: D\u00eda y Noche<\/p>\n<p style=\"font-weight: 400;\">Aroma: Oriental<\/p>\n<p style=\"font-weight: 400;\">Condici\u00f3n del producto: Nuevo<\/p>\n<p style=\"font-weight: 400;\">Notas de Coraz\u00f2n: Rosa, Canela, Notas Especiadas<\/p>\n<p style=\"font-weight: 400;\">Notas de Salida: Toronja (Pomelo), Menta, Mandarina<\/p>\n<p style=\"font-weight: 400;\">\u00a0Notas de Fondo: Cuero, Pachuli, Notas Amaderadas, \u00c1mbar<\/p>\n<p style=\"font-weight: 400;\">No testeado en Animales<\/p>\n<p>&nbsp;<\/p>\n<p style=\"font-weight: 400;\">ARSENAL GOLD GUILLES CANTUEL, donde quiera que vayas te dejar\u00e1 una reputaci\u00f3n sofisticada, con un aroma fuerte y al mismo tiempo suave que encantar\u00e1 a todos a tu alrededor, la fragancia perfecta para aquellos hombres modernos que conquistan con el poder de la seducci\u00f3n. Sus notas especiadas y amaderadas hacen de Arsenal Gold el perfume ideal para ocasiones muy especiales, donde dejaras\u00a0huellas inolvidables.<\/p>\n","protected":false},"excerpt":{"rendered":"<p>calidad\u00a0<em><strong>AAA 1.1<\/strong><\/em><\/p>\n<p>ARSENAL GOLD GUILLES CANTUEL, donde quiera que vayas te dejar\u00e1 una reputaci\u00f3n sofisticada, con un aroma fuerte y al mismo tiempo suave que encantar\u00e1 a todos a tu alrededor, la fragancia perfecta para aquellos hombres modernos que conquistan con el poder de la seducci\u00f3n.<\/p>\n","protected":false},"featured_media":5066,"template":"","meta":[],"product_cat":[41],"product_tag":[],"_links":{"self":[{"href":"https:\/\/grafity-eu.com\/web2\/wp-json\/wp\/v2\/product\/5065"}],"collection":[{"href":"https:\/\/grafity-eu.com\/web2\/wp-json\/wp\/v2\/product"}],"about":[{"href":"https:\/\/grafity-eu.com\/web2\/wp-json\/wp\/v2\/types\/product"}],"wp:featuredmedia":[{"embeddable":true,"href":"https:\/\/grafity-eu.com\/web2\/wp-json\/wp\/v2\/media\/5066"}],"wp:attachment":[{"href":"https:\/\/grafity-eu.com\/web2\/wp-json\/wp\/v2\/media?parent=5065"}],"wp:term":[{"taxonomy":"product_cat","embeddable":true,"href":"https:\/\/grafity-eu.com\/web2\/wp-json\/wp\/v2\/product_cat?post=5065"},{"taxonomy":"product_tag","embeddable":true,"href":"https:\/\/grafity-eu.com\/web2\/wp-json\/wp\/v2\/product_tag?post=5065"}],"curies":[{"name":"wp","href":"https:\/\/api.w.org\/{rel}","templated":true}]}}