{"id":3988,"date":"2023-12-13T09:24:45","date_gmt":"2023-12-13T14:24:45","guid":{"rendered":"https:\/\/grafity-eu.com\/web2\/?post_type=product&#038;p=3988"},"modified":"2024-01-31T19:57:15","modified_gmt":"2024-02-01T00:57:15","slug":"gf1011-acqua-di-gio-profondo-giorgio-armani","status":"publish","type":"product","link":"https:\/\/grafity-eu.com\/web2\/producto\/gf1011-acqua-di-gio-profondo-giorgio-armani\/","title":{"rendered":"GF1011 ACQUA DI GI\u00d2 PROFONDO GIORGIO ARMANI"},"content":{"rendered":"<div>Marca: Giorgio Armani<br \/>\nModelo: Acqua Di Gio Profondo<br \/>\nReferencias: GF1011<br \/>\nG\u00e9nero: Hombre<br \/>\nContenido: 100 ml<br \/>\nOcasi\u00f3n: Dia y Noche<br \/>\nAroma: Arom\u00e0tico-Foug\u00e8re<br \/>\nCondici\u00f3n del producto: Nuevo<br \/>\nNotas de Coraz\u00f2n: Romero, Cipr\u00e9s, Lavanda, Resina Alm\u00e1ciga del Lentisco<br \/>\nNotas de Salida: Notas Marinas, Aquozone, Bergamota, Mandarina Verde<br \/>\nNotas de Fondo: Notas Minerales, Almizcle, Pachul\u00ed, \u00c1mbar<\/div>\n<div>No testeado en Animales<\/div>\n<div><\/div>\n<div>ACQUA DI GI\u00d2 PROFONDO GIORGIO ARMANI, se distingue por su inspiraci\u00f3n acu\u00e1tica que le dan un toque explosivo, jugoso y efervescente. Sus notas arom\u00e1ticas y amaderadas la convierten el perfume ideal para aquellos hombres que disfrutan sentirse frescos y modernos ante cualquier ocasi\u00f3n, resaltando la masculinidad contempor\u00e1nea.<\/div>\n","protected":false},"excerpt":{"rendered":"<div>calidad\u00a0<em><strong>AAA 1.1<\/strong><\/em><\/div>\n<div>ACQUA DI GI\u00d2 PROFONDO GIORGIO ARMANI, se distingue por su inspiraci\u00f3n acu\u00e1tica que le dan un toque explosivo, jugoso y efervescente. Sus notas arom\u00e1ticas y amaderadas la convierten el perfume ideal para aquellos hombres que disfrutan sentirse frescos y modernos ante cualquier ocasi\u00f3n, resaltando la masculinidad contempor\u00e1nea.<\/div>\n","protected":false},"featured_media":3989,"template":"","meta":[],"product_cat":[41],"product_tag":[],"_links":{"self":[{"href":"https:\/\/grafity-eu.com\/web2\/wp-json\/wp\/v2\/product\/3988"}],"collection":[{"href":"https:\/\/grafity-eu.com\/web2\/wp-json\/wp\/v2\/product"}],"about":[{"href":"https:\/\/grafity-eu.com\/web2\/wp-json\/wp\/v2\/types\/product"}],"wp:featuredmedia":[{"embeddable":true,"href":"https:\/\/grafity-eu.com\/web2\/wp-json\/wp\/v2\/media\/3989"}],"wp:attachment":[{"href":"https:\/\/grafity-eu.com\/web2\/wp-json\/wp\/v2\/media?parent=3988"}],"wp:term":[{"taxonomy":"product_cat","embeddable":true,"href":"https:\/\/grafity-eu.com\/web2\/wp-json\/wp\/v2\/product_cat?post=3988"},{"taxonomy":"product_tag","embeddable":true,"href":"https:\/\/grafity-eu.com\/web2\/wp-json\/wp\/v2\/product_tag?post=3988"}],"curies":[{"name":"wp","href":"https:\/\/api.w.org\/{rel}","templated":true}]}}