{"id":3977,"date":"2023-12-13T09:12:16","date_gmt":"2023-12-13T14:12:16","guid":{"rendered":"https:\/\/grafity-eu.com\/web2\/?post_type=product&#038;p=3977"},"modified":"2024-04-30T17:07:56","modified_gmt":"2024-04-30T22:07:56","slug":"gf10010-acqua-di-gio-profumo-giorgio-armani","status":"publish","type":"product","link":"https:\/\/grafity-eu.com\/web2\/producto\/gf10010-acqua-di-gio-profumo-giorgio-armani\/","title":{"rendered":"GF1010 ACQUA DI GIO PROFUMO GIORGIO ARMANI"},"content":{"rendered":"<div>Marca: Giorgio Armani<br \/>\nModelo:\u00a0 Acqua Di Gio<br \/>\nReferencias: GF1010<br \/>\nG\u00e8nero: Hombre<br \/>\nContenido: 100 ml<br \/>\nOcasi\u00f2n: Noche<br \/>\nAroma: Amaderado<br \/>\nCondici\u00f3n del producto: Nuevo<br \/>\nNotas de Coraz\u00f2n: Geranio, Romero, Salvia<br \/>\nNotas de Salida: Bergamota, Notas Marinas<br \/>\nNotas de Fondo: Pachuli, incienso<\/div>\n<div>No testeado en Animales<\/div>\n<div><\/div>\n<div>ACQUA DI GIO PROFUMO GIORGIO ARMANI, es una fragancia caracterizada por sus notas c\u00ectricas y especiadas que la hacen aut\u00e9ntica, evocando una sensaci\u00f3n de frescura y vitalidad. Su estela elegante y sofisticada te har\u00e1n\u00a0lucir interesante, seductor, carism\u00e1tico\u00a0y con un aura de misterio.<\/div>\n","protected":false},"excerpt":{"rendered":"<p>calidad\u00a0<em><strong>AAA 1.1<\/strong><\/em><\/p>\n<p>ACQUA DI GIO PROFUMO GIORGIO ARMANI, es una fragancia caracterizada por sus notas c\u00ectricas y especiadas que la hacen aut\u00e9ntica, evocando una sensaci\u00f3n de frescura y vitalidad. Su estela elegante y sofisticada te har\u00e1n\u00a0lucir interesante, seductor, carism\u00e1tico\u00a0y con un aura de misterio.<\/p>\n","protected":false},"featured_media":3979,"template":"","meta":[],"product_cat":[41],"product_tag":[],"_links":{"self":[{"href":"https:\/\/grafity-eu.com\/web2\/wp-json\/wp\/v2\/product\/3977"}],"collection":[{"href":"https:\/\/grafity-eu.com\/web2\/wp-json\/wp\/v2\/product"}],"about":[{"href":"https:\/\/grafity-eu.com\/web2\/wp-json\/wp\/v2\/types\/product"}],"wp:featuredmedia":[{"embeddable":true,"href":"https:\/\/grafity-eu.com\/web2\/wp-json\/wp\/v2\/media\/3979"}],"wp:attachment":[{"href":"https:\/\/grafity-eu.com\/web2\/wp-json\/wp\/v2\/media?parent=3977"}],"wp:term":[{"taxonomy":"product_cat","embeddable":true,"href":"https:\/\/grafity-eu.com\/web2\/wp-json\/wp\/v2\/product_cat?post=3977"},{"taxonomy":"product_tag","embeddable":true,"href":"https:\/\/grafity-eu.com\/web2\/wp-json\/wp\/v2\/product_tag?post=3977"}],"curies":[{"name":"wp","href":"https:\/\/api.w.org\/{rel}","templated":true}]}}