{"id":3957,"date":"2023-12-13T08:31:49","date_gmt":"2023-12-13T13:31:49","guid":{"rendered":"https:\/\/grafity-eu.com\/web2\/?post_type=product&#038;p=3957"},"modified":"2024-01-31T20:03:33","modified_gmt":"2024-02-01T01:03:33","slug":"gf1007-amber-oud-gold-edition-al-haramain-unisex","status":"publish","type":"product","link":"https:\/\/grafity-eu.com\/web2\/producto\/gf1007-amber-oud-gold-edition-al-haramain-unisex\/","title":{"rendered":"GF1007 AMBER OUD GOLD EDITION AL HARAMAIN UNISEX"},"content":{"rendered":"<p>Marca: Al Haramain<br \/>\nModelo: Amber Oud Gold<br \/>\nReferencias: GF1007<br \/>\nG\u00e9nero: Unisex<br \/>\nContenido: 100 ml<br \/>\nOcasi\u00f3n: D\u00eda y Noche<br \/>\nAroma: Acaramelado<br \/>\nCondici\u00f3n del producto: Nuevo<br \/>\nNotas de Coraz\u00f2n: Mel\u00f3n, Notas dulces, Pi\u00f1a, \u00c1mbar<br \/>\nNotas de Salida: Bergamota, Notas verdes<br \/>\nNotas de Fondo: Almizcle, Vainilla, Notas Amaderadas<\/p>\n<div>No testeado en animales<\/div>\n<div><\/div>\n<div>AMBER OUD GOLD EDITION, es un perfume encantador para Hombres y Mujeres, sus notas dulces y amaderadas lo caracterizan como una fragancia sofisticada, que supera todas las expectativas.<\/div>\n","protected":false},"excerpt":{"rendered":"<p>calidad\u00a0<em><strong>AAA 1.1<\/strong><\/em><\/p>\n<p>AMBER OUD GOLD EDITION, es un perfume encantador para Hombres y Mujeres, sus notas dulces y amaderadas lo caracterizan como una fragancia sofisticada, que supera todas las expectativas.<\/p>\n","protected":false},"featured_media":3958,"template":"","meta":[],"product_cat":[41],"product_tag":[],"_links":{"self":[{"href":"https:\/\/grafity-eu.com\/web2\/wp-json\/wp\/v2\/product\/3957"}],"collection":[{"href":"https:\/\/grafity-eu.com\/web2\/wp-json\/wp\/v2\/product"}],"about":[{"href":"https:\/\/grafity-eu.com\/web2\/wp-json\/wp\/v2\/types\/product"}],"wp:featuredmedia":[{"embeddable":true,"href":"https:\/\/grafity-eu.com\/web2\/wp-json\/wp\/v2\/media\/3958"}],"wp:attachment":[{"href":"https:\/\/grafity-eu.com\/web2\/wp-json\/wp\/v2\/media?parent=3957"}],"wp:term":[{"taxonomy":"product_cat","embeddable":true,"href":"https:\/\/grafity-eu.com\/web2\/wp-json\/wp\/v2\/product_cat?post=3957"},{"taxonomy":"product_tag","embeddable":true,"href":"https:\/\/grafity-eu.com\/web2\/wp-json\/wp\/v2\/product_tag?post=3957"}],"curies":[{"name":"wp","href":"https:\/\/api.w.org\/{rel}","templated":true}]}}